{"id":13,"date":"2014-06-20T19:45:51","date_gmt":"2014-06-20T16:45:51","guid":{"rendered":"http:\/\/www.galirows.com.br\/meublog\/competir\/?page_id=13"},"modified":"2021-07-13T15:31:41","modified_gmt":"2021-07-13T18:31:41","slug":"sobre-competicoes","status":"publish","type":"page","link":"http:\/\/www.galirows.com.br\/meublog\/competir\/sobre-competicoes\/","title":{"rendered":"Sobre competi\u00e7\u00f5es de programa\u00e7\u00e3o"},"content":{"rendered":"\n<p>Informa\u00e7\u00f5es sobre a Maratona de Programa\u00e7\u00e3o:<\/p>\n\n\n\n<ul class=\"wp-block-list\"><li><a href=\"http:\/\/www.galirows.com.br\/meublog\/competir\/sobre-competicoes\/sobre-maratona\/\">Sobre a competi\u00e7\u00e3o<\/a><\/li><li><a title=\"Links para materiais adicionais\" href=\"http:\/\/www.galirows.com.br\/meublog\/competir\/sobre-a-maratona\/links\/\">Links para materiais adicionais<\/a><\/li><\/ul>\n\n\n\n<p>Informa\u00e7\u00f5es sobre a Olimp\u00edada Brasileira de Informa\u00e7\u00e3o (OBI):<\/p>\n\n\n\n<ul class=\"wp-block-list\"><li>Sobre a competi\u00e7\u00e3o<\/li><li>Links para materiais adicionais<\/li><\/ul>\n","protected":false},"excerpt":{"rendered":"<p>Informa\u00e7\u00f5es sobre a Maratona de Programa\u00e7\u00e3o: Sobre a competi\u00e7\u00e3o Links para materiais adicionais Informa\u00e7\u00f5es sobre a Olimp\u00edada Brasileira de Informa\u00e7\u00e3o (OBI): Sobre a competi\u00e7\u00e3o Links para materiais adicionais<\/p>\n","protected":false},"author":1,"featured_media":0,"parent":0,"menu_order":2,"comment_status":"open","ping_status":"open","template":"","meta":{"footnotes":""},"class_list":["post-13","page","type-page","status-publish","hentry"],"aioseo_notices":[],"amp_enabled":true,"_links":{"self":[{"href":"http:\/\/www.galirows.com.br\/meublog\/competir\/wp-json\/wp\/v2\/pages\/13","targetHints":{"allow":["GET"]}}],"collection":[{"href":"http:\/\/www.galirows.com.br\/meublog\/competir\/wp-json\/wp\/v2\/pages"}],"about":[{"href":"http:\/\/www.galirows.com.br\/meublog\/competir\/wp-json\/wp\/v2\/types\/page"}],"author":[{"embeddable":true,"href":"http:\/\/www.galirows.com.br\/meublog\/competir\/wp-json\/wp\/v2\/users\/1"}],"replies":[{"embeddable":true,"href":"http:\/\/www.galirows.com.br\/meublog\/competir\/wp-json\/wp\/v2\/comments?post=13"}],"version-history":[{"count":5,"href":"http:\/\/www.galirows.com.br\/meublog\/competir\/wp-json\/wp\/v2\/pages\/13\/revisions"}],"predecessor-version":[{"id":374,"href":"http:\/\/www.galirows.com.br\/meublog\/competir\/wp-json\/wp\/v2\/pages\/13\/revisions\/374"}],"wp:attachment":[{"href":"http:\/\/www.galirows.com.br\/meublog\/competir\/wp-json\/wp\/v2\/media?parent=13"}],"curies":[{"name":"wp","href":"https:\/\/api.w.org\/{rel}","templated":true}]}}