{"id":2,"date":"2014-06-11T13:33:06","date_gmt":"2014-06-11T13:33:06","guid":{"rendered":"http:\/\/www.galirows.com.br\/meublog\/competir\/?page_id=2"},"modified":"2021-07-13T16:45:33","modified_gmt":"2021-07-13T19:45:33","slug":"pagina-exemplo","status":"publish","type":"page","link":"http:\/\/www.galirows.com.br\/meublog\/competir\/sobre-competicoes\/pagina-exemplo\/","title":{"rendered":"Sobre a OBI"},"content":{"rendered":"\n<p><strong>Quem pode participar:<\/strong> Alunos do ensino fundamental, ensino m\u00e9dio e primeiro ano do ensino superior.<\/p>\n\n\n\n<p>A OBI \u00e9 dividida em modalidades, cada uma volta a determinado perfil, sendo estas:<\/p>\n\n\n\n<ul class=\"wp-block-list\"><li><strong>Modalidade Inicia\u00e7\u00e3o <\/strong>(provas n\u00e3o envolvem programa\u00e7\u00e3o)<strong>:<\/strong>\n<ul>\n<li>N\u00edvel 1:&nbsp;alunos at\u00e9 s\u00e9timo ano do Ensino Fundamental; e<\/li>\n<li>N\u00edvel 2: para alunos at\u00e9 nono ano do Ensino Fundamental.<\/li>\n<\/ul>\n<\/li><li><strong>Modalidade Programa\u00e7\u00e3o:<\/strong>\n<ul>\n<li>N\u00edvel J\u00fanior:&nbsp;alunos do ensino fundamental;<\/li>\n<li>N\u00edvel 1:&nbsp;alunos at\u00e9 o segundo ano do ensino m\u00e9dio; e<\/li>\n<li>N\u00edvel 2: para alunos at\u00e9 o terceiro ano do ensino m\u00e9dio.<\/li>\n<\/ul>\n<\/li><li><strong>Modalidade Universit\u00e1ria:<\/strong>\n<ul>\n<li>Para alunos que estejam cursando, pela primeira vez, o primeiro ano de um curso de gradua\u00e7\u00e3o.<\/li>\n<\/ul>\n<\/li><\/ul>\n\n\n\n<p><strong>Quando acontece:<\/strong> todo ano, com etapas classificat\u00f3rias a partir do final do primeiro semestre.<\/p>\n\n\n\n<p>Consulte&nbsp;o calend\u00e1rio dispon\u00edvel em&nbsp;<a href=\"http:\/\/olimpiada.ic.unicamp.br\/info_geral\/calendario\" target=\"_blank\" rel=\"noopener\">http:\/\/olimpiada.ic.unicamp.br\/info_geral\/calendario<\/a><\/p>\n\n\n\n<p><strong>Onde acontece:<\/strong> em todo o Brasil, mas depende de alguma escola ter se cadastrado no munic\u00edpio<\/p>\n\n\n\n<p>Consulte locais de aplica\u00e7\u00e3o de prova em <a href=\"http:\/\/olimpiada.ic.unicamp.br\/info_geral\/consultas\/FormConsultaEscola\" target=\"_blank\" rel=\"noopener\">http:\/\/olimpiada.ic.unicamp.br\/info_geral\/consultas\/FormConsultaEscola<\/a>.<\/p>\n\n\n\n<p>Qualquer escola pode se inscrever para ser uma sede. \u00c9 f\u00e1cil. Veja como em&nbsp;<a href=\"http:\/\/olimpiada.ic.unicamp.br\/info_geral\/para_escolas\" target=\"_blank\" rel=\"noopener\">http:\/\/olimpiada.ic.unicamp.br\/info_geral\/para_escolas<\/a>.<\/p>\n\n\n\n<p><strong>Como se preparar:<\/strong> al\u00e9m desse blog, existe bons materiais oferecidos pelos pr\u00f3prios organizadores da competi\u00e7\u00e3o.<\/p>\n\n\n\n<p>Consulta as provas j\u00e1 aplicadas nos anos anteriores em&nbsp;<a href=\"http:\/\/olimpiada.ic.unicamp.br\/passadas\" target=\"_blank\" rel=\"noopener\">http:\/\/olimpiada.ic.unicamp.br\/passadas<\/a>.<\/p>\n\n\n\n<p>Pratique utilizando o ambiente que avalia automaticamente a solu\u00e7\u00e3o em&nbsp;<a href=\"http:\/\/olimpiada.ic.unicamp.br\/pratique\" target=\"_blank\" rel=\"noopener\">http:\/\/olimpiada.ic.unicamp.br\/pratique<\/a>.<\/p>\n\n\n\n<p><strong>Linguagens de programa\u00e7\u00e3o envolvidas:<\/strong> depende um pouco da sede, mas no geral s\u00e3o oferecidas as linguagens <strong>C\/C++<\/strong>,<strong> Pascal <\/strong>e<strong> Python<\/strong>.<\/p>\n","protected":false},"excerpt":{"rendered":"<p>Quem pode participar: Alunos do ensino fundamental, ensino m\u00e9dio e primeiro ano do ensino superior. A OBI \u00e9 dividida em modalidades, cada uma volta a determinado perfil, sendo estas: Modalidade Inicia\u00e7\u00e3o (provas n\u00e3o envolvem programa\u00e7\u00e3o): N\u00edvel 1:&nbsp;alunos at\u00e9 s\u00e9timo ano do Ensino Fundamental; e N\u00edvel 2: para alunos at\u00e9 nono ano do Ensino Fundamental. Modalidade [&hellip;]<\/p>\n","protected":false},"author":1,"featured_media":0,"parent":13,"menu_order":2,"comment_status":"open","ping_status":"open","template":"","meta":{"footnotes":""},"class_list":["post-2","page","type-page","status-publish","hentry"],"aioseo_notices":[],"amp_enabled":true,"_links":{"self":[{"href":"http:\/\/www.galirows.com.br\/meublog\/competir\/wp-json\/wp\/v2\/pages\/2","targetHints":{"allow":["GET"]}}],"collection":[{"href":"http:\/\/www.galirows.com.br\/meublog\/competir\/wp-json\/wp\/v2\/pages"}],"about":[{"href":"http:\/\/www.galirows.com.br\/meublog\/competir\/wp-json\/wp\/v2\/types\/page"}],"author":[{"embeddable":true,"href":"http:\/\/www.galirows.com.br\/meublog\/competir\/wp-json\/wp\/v2\/users\/1"}],"replies":[{"embeddable":true,"href":"http:\/\/www.galirows.com.br\/meublog\/competir\/wp-json\/wp\/v2\/comments?post=2"}],"version-history":[{"count":3,"href":"http:\/\/www.galirows.com.br\/meublog\/competir\/wp-json\/wp\/v2\/pages\/2\/revisions"}],"predecessor-version":[{"id":378,"href":"http:\/\/www.galirows.com.br\/meublog\/competir\/wp-json\/wp\/v2\/pages\/2\/revisions\/378"}],"up":[{"embeddable":true,"href":"http:\/\/www.galirows.com.br\/meublog\/competir\/wp-json\/wp\/v2\/pages\/13"}],"wp:attachment":[{"href":"http:\/\/www.galirows.com.br\/meublog\/competir\/wp-json\/wp\/v2\/media?parent=2"}],"curies":[{"name":"wp","href":"https:\/\/api.w.org\/{rel}","templated":true}]}}