{"id":4,"date":"2014-06-11T13:34:42","date_gmt":"2014-06-11T13:34:42","guid":{"rendered":"http:\/\/www.galirows.com.br\/meublog\/competir\/?page_id=4"},"modified":"2021-07-15T11:22:37","modified_gmt":"2021-07-15T14:22:37","slug":"links","status":"publish","type":"page","link":"http:\/\/www.galirows.com.br\/meublog\/competir\/sobre-competicoes\/links\/","title":{"rendered":"Links para materiais da maratona"},"content":{"rendered":"\n<p>Livros recomendados para estudar<\/p>\n\n\n\n<ul class=\"wp-block-list\"><li>Competitive Programming, de&nbsp;Steven Halim&nbsp;e&nbsp;Felix Halim\n<ul>\n<li>Descri\u00e7\u00e3o: Cole\u00e7\u00e3o de 3 t\u00edtulos onde o primeiro livro pode ser baixado gratuitamente em&nbsp;<a href=\"https:\/\/sites.google.com\/site\/stevenhalim\/\" target=\"_blank\" rel=\"noopener\">https:\/\/sites.google.com\/site\/stevenhalim\/<\/a>. S\u00e3o livros complexos, para equipes avan\u00e7adas.<\/li>\n<\/ul>\n<\/li><li>&#8230;.<\/li><\/ul>\n\n\n\n<p>Sites com solu\u00e7\u00f5es<\/p>\n\n\n\n<ul class=\"wp-block-list\"><li>http:\/\/www.inf.ufpr.br\/maratona\/interna\/4a-seletiva-2013\/<\/li><\/ul>\n\n\n\n<p>Outros sites de competi\u00e7\u00e3o de programa\u00e7\u00e3o<\/p>\n\n\n\n<ul class=\"wp-block-list\"><li><a rel=\"noreferrer noopener\" href=\"https:\/\/egoi.ch\/en\/\" data-type=\"URL\" data-id=\"https:\/\/egoi.ch\/en\/\" target=\"_blank\">Olimp\u00edada Europeia de Inform\u00e1tica para Garotas<\/a>: site da competi\u00e7\u00e3o que tamb\u00e9m <a href=\"https:\/\/egoi.ch\/en\/tasks\/\" data-type=\"URL\" data-id=\"https:\/\/egoi.ch\/en\/tasks\/\" target=\"_blank\" rel=\"noreferrer noopener\">disponibiliza <\/a>quest\u00f5es e dicas (n\u00e3o os algoritmos) aplicadas na competi\u00e7\u00e3o.<\/li><li>&#8230;.<\/li><li>&#8230;.<\/li><\/ul>\n","protected":false},"excerpt":{"rendered":"<p>Livros recomendados para estudar Competitive Programming, de&nbsp;Steven Halim&nbsp;e&nbsp;Felix Halim Descri\u00e7\u00e3o: Cole\u00e7\u00e3o de 3 t\u00edtulos onde o primeiro livro pode ser baixado gratuitamente em&nbsp;https:\/\/sites.google.com\/site\/stevenhalim\/. S\u00e3o livros complexos, para equipes avan\u00e7adas. &#8230;. Sites com solu\u00e7\u00f5es http:\/\/www.inf.ufpr.br\/maratona\/interna\/4a-seletiva-2013\/ Outros sites de competi\u00e7\u00e3o de programa\u00e7\u00e3o Olimp\u00edada Europeia de Inform\u00e1tica para Garotas: site da competi\u00e7\u00e3o que tamb\u00e9m disponibiliza quest\u00f5es e dicas [&hellip;]<\/p>\n","protected":false},"author":1,"featured_media":0,"parent":13,"menu_order":3,"comment_status":"open","ping_status":"open","template":"","meta":{"footnotes":""},"class_list":["post-4","page","type-page","status-publish","hentry"],"aioseo_notices":[],"amp_enabled":true,"_links":{"self":[{"href":"http:\/\/www.galirows.com.br\/meublog\/competir\/wp-json\/wp\/v2\/pages\/4","targetHints":{"allow":["GET"]}}],"collection":[{"href":"http:\/\/www.galirows.com.br\/meublog\/competir\/wp-json\/wp\/v2\/pages"}],"about":[{"href":"http:\/\/www.galirows.com.br\/meublog\/competir\/wp-json\/wp\/v2\/types\/page"}],"author":[{"embeddable":true,"href":"http:\/\/www.galirows.com.br\/meublog\/competir\/wp-json\/wp\/v2\/users\/1"}],"replies":[{"embeddable":true,"href":"http:\/\/www.galirows.com.br\/meublog\/competir\/wp-json\/wp\/v2\/comments?post=4"}],"version-history":[{"count":7,"href":"http:\/\/www.galirows.com.br\/meublog\/competir\/wp-json\/wp\/v2\/pages\/4\/revisions"}],"predecessor-version":[{"id":386,"href":"http:\/\/www.galirows.com.br\/meublog\/competir\/wp-json\/wp\/v2\/pages\/4\/revisions\/386"}],"up":[{"embeddable":true,"href":"http:\/\/www.galirows.com.br\/meublog\/competir\/wp-json\/wp\/v2\/pages\/13"}],"wp:attachment":[{"href":"http:\/\/www.galirows.com.br\/meublog\/competir\/wp-json\/wp\/v2\/media?parent=4"}],"curies":[{"name":"wp","href":"https:\/\/api.w.org\/{rel}","templated":true}]}}