{"id":410,"date":"2021-08-02T15:55:57","date_gmt":"2021-08-02T18:55:57","guid":{"rendered":"http:\/\/www.galirows.com.br\/meublog\/competir\/?page_id=410"},"modified":"2021-08-19T07:17:38","modified_gmt":"2021-08-19T10:17:38","slug":"dicas","status":"publish","type":"page","link":"http:\/\/www.galirows.com.br\/meublog\/competir\/dicas\/","title":{"rendered":"Dicas"},"content":{"rendered":"\n<p>Trago aqui um conjunto de dicas de codifica\u00e7\u00e3o que podem ser \u00fateis principalmente para escrever menos c\u00f3digo. Embora muitas das dicas apenas reduzir\u00e3o um pouco o tempo necess\u00e1rio para a codifica\u00e7\u00e3o, elas tamb\u00e9m s\u00e3o \u00fateis para dispensar os competidores de algumas quest\u00f5es &#8220;burocr\u00e1ticas&#8221;, mantendo o esfor\u00e7o de concentra\u00e7\u00e3o naquilo que realmente importa: encontrar uma forma de resolver o problema da quest\u00e3o.<\/p>\n\n\n\n<p><strong>Dicas gerais:<\/strong><\/p>\n\n\n\n<ul class=\"wp-block-list\"><li><a rel=\"noreferrer noopener\" href=\"http:\/\/www.galirows.com.br\/meublog\/competir\/dicas\/atribuicao-para-varias-variaveis-com-o-mesmo-valor\/\" target=\"_blank\">Atribui\u00e7\u00e3o para v\u00e1rias vari\u00e1veis com o mesmo valor<\/a><\/li><li><a href=\"http:\/\/www.galirows.com.br\/meublog\/competir\/dicas\/muitas-saidas-para-serem-mostradas\/\" data-type=\"URL\" data-id=\"http:\/\/www.galirows.com.br\/meublog\/competir\/dicas\/muitas-saidas-para-serem-mostradas\/\">Muitas sa\u00eddas para serem mostradas<\/a><\/li><\/ul>\n\n\n\n<p><strong>Dicas espec\u00edficas da linguagem C<\/strong>:<\/p>\n\n\n\n<ul class=\"wp-block-list\"><li><a rel=\"noreferrer noopener\" href=\"http:\/\/www.galirows.com.br\/meublog\/competir\/dicas\/entrada-varios-conjuntos-teste-ate-zeros\/\" data-type=\"URL\" data-id=\"http:\/\/www.galirows.com.br\/meublog\/competir\/dicas\/entrada-varios-conjuntos-teste-ate-zeros\/\" target=\"_blank\">Entrada de v\u00e1rios conjuntos de teste at\u00e9 zeros<\/a><\/li><li><a href=\"http:\/\/www.galirows.com.br\/meublog\/competir\/dicas\/saida-com-testes-sequenciais\/\" data-type=\"URL\" data-id=\"http:\/\/www.galirows.com.br\/meublog\/competir\/dicas\/saida-com-testes-sequenciais\/\" target=\"_blank\" rel=\"noreferrer noopener\">Sa\u00edda com testes sequenciais<\/a><\/li><\/ul>\n","protected":false},"excerpt":{"rendered":"<p>Trago aqui um conjunto de dicas de codifica\u00e7\u00e3o que podem ser \u00fateis principalmente para escrever menos c\u00f3digo. Embora muitas das dicas apenas reduzir\u00e3o um pouco o tempo necess\u00e1rio para a codifica\u00e7\u00e3o, elas tamb\u00e9m s\u00e3o \u00fateis para dispensar os competidores de algumas quest\u00f5es &#8220;burocr\u00e1ticas&#8221;, mantendo o esfor\u00e7o de concentra\u00e7\u00e3o naquilo que realmente importa: encontrar uma forma [&hellip;]<\/p>\n","protected":false},"author":1,"featured_media":0,"parent":0,"menu_order":0,"comment_status":"closed","ping_status":"closed","template":"","meta":{"footnotes":""},"class_list":["post-410","page","type-page","status-publish","hentry"],"aioseo_notices":[],"amp_enabled":true,"_links":{"self":[{"href":"http:\/\/www.galirows.com.br\/meublog\/competir\/wp-json\/wp\/v2\/pages\/410","targetHints":{"allow":["GET"]}}],"collection":[{"href":"http:\/\/www.galirows.com.br\/meublog\/competir\/wp-json\/wp\/v2\/pages"}],"about":[{"href":"http:\/\/www.galirows.com.br\/meublog\/competir\/wp-json\/wp\/v2\/types\/page"}],"author":[{"embeddable":true,"href":"http:\/\/www.galirows.com.br\/meublog\/competir\/wp-json\/wp\/v2\/users\/1"}],"replies":[{"embeddable":true,"href":"http:\/\/www.galirows.com.br\/meublog\/competir\/wp-json\/wp\/v2\/comments?post=410"}],"version-history":[{"count":6,"href":"http:\/\/www.galirows.com.br\/meublog\/competir\/wp-json\/wp\/v2\/pages\/410\/revisions"}],"predecessor-version":[{"id":444,"href":"http:\/\/www.galirows.com.br\/meublog\/competir\/wp-json\/wp\/v2\/pages\/410\/revisions\/444"}],"wp:attachment":[{"href":"http:\/\/www.galirows.com.br\/meublog\/competir\/wp-json\/wp\/v2\/media?parent=410"}],"curies":[{"name":"wp","href":"https:\/\/api.w.org\/{rel}","templated":true}]}}