{"id":609,"date":"2014-09-29T21:15:22","date_gmt":"2014-09-29T18:15:22","guid":{"rendered":"http:\/\/www.galirows.com.br\/meublog\/opencv-python\/?page_id=609"},"modified":"2015-10-12T16:46:42","modified_gmt":"2015-10-12T13:46:42","slug":"capitulo1-basico","status":"publish","type":"page","link":"http:\/\/www.galirows.com.br\/meublog\/opencv-python\/opencv2-python27\/capitulo1-basico\/","title":{"rendered":"Cap\u00edtulo 1 &#8211; B\u00e1sico"},"content":{"rendered":"<p>&#8230;..<\/p>\n<p><span style=\"color: #ff6600;\">* elementos definidos em cor laranja est\u00e3o sendo escritos e ser\u00e3o linkados posteriormente<\/span><\/p>\n<p>Esse tutorial tem por objetivo mostrar o b\u00e1sico sobre a manipula\u00e7\u00e3o de imagens com a OpenCV codificada utilizando\u00a0o Python. Os demais tutoriais b\u00e1sicos explorar\u00e3o o uso de <span style=\"color: #ff6600;\">v\u00eddeo capturado da webcam<\/span>\u00a0e\u00a0a inser\u00e7\u00e3o de <span style=\"color: #ff6600;\">elementos gr\u00e1ficos (formas geom\u00e9tricas) na imagem<\/span>.<\/p>\n<p>O tutorial pressup\u00f5em que voc\u00ea possui a OpenCV e o Python devidamente instalados na m\u00e1quina. Caso n\u00e3o os tenha instalado consulte:<\/p>\n<ul>\n<li><span style=\"color: #ff6600;\">Instalar o Python e o OpenCV no Windows<\/span><\/li>\n<li><span style=\"color: #ff6600;\">Instalar o Python e o OpenCV no Linux<\/span><\/li>\n<li><span style=\"color: #ff6600;\">Utilizar a m\u00e1quina virtual Linux no VirtualBox<\/span><\/li>\n<\/ul>\n<p>Tutoriais desse cap\u00edtulo<\/p>\n<ul>\n<li><a title=\"1.1 \u2013 Mostrar imagem\" href=\"http:\/\/www.galirows.com.br\/meublog\/opencv-python\/capitulo-1-basico\/mostrar-imagem-opencv-python\/\">1.1 &#8211;\u00a0Mostrar uma imagem<\/a><\/li>\n<li><a title=\"1.2 \u2013 Mostrar webcam e v\u00eddeo\" href=\"http:\/\/www.galirows.com.br\/meublog\/opencv-python\/capitulo-1-basico\/1-2-mostrar-webcam-e-video\/\">1.2\u00a0&#8211; Mostrar webcam e v\u00eddeo<\/a><\/li>\n<li><a title=\"1.3 \u2013 Desenhar formas geom\u00e9tricas\" href=\"http:\/\/www.galirows.com.br\/meublog\/opencv-python\/capitulo-1-basico\/desenhar-formas-geometricas\/\">1.3 &#8211;\u00a0Desenhar formas geom\u00e9tricas<\/a><\/li>\n<\/ul>\n","protected":false},"excerpt":{"rendered":"<p>&#8230;.. * elementos definidos em cor laranja est\u00e3o sendo escritos e ser\u00e3o linkados posteriormente Esse tutorial tem por objetivo mostrar o b\u00e1sico sobre a manipula\u00e7\u00e3o de imagens com a OpenCV codificada utilizando\u00a0o Python. Os demais tutoriais b\u00e1sicos explorar\u00e3o o uso &hellip; <a href=\"http:\/\/www.galirows.com.br\/meublog\/opencv-python\/opencv2-python27\/capitulo1-basico\/\">Continue lendo <span class=\"meta-nav\">&rarr;<\/span><\/a><\/p>\n","protected":false},"author":1,"featured_media":636,"parent":709,"menu_order":0,"comment_status":"open","ping_status":"closed","template":"","meta":{"footnotes":""},"class_list":["post-609","page","type-page","status-publish","has-post-thumbnail","hentry"],"aioseo_notices":[],"_links":{"self":[{"href":"http:\/\/www.galirows.com.br\/meublog\/opencv-python\/wp-json\/wp\/v2\/pages\/609","targetHints":{"allow":["GET"]}}],"collection":[{"href":"http:\/\/www.galirows.com.br\/meublog\/opencv-python\/wp-json\/wp\/v2\/pages"}],"about":[{"href":"http:\/\/www.galirows.com.br\/meublog\/opencv-python\/wp-json\/wp\/v2\/types\/page"}],"author":[{"embeddable":true,"href":"http:\/\/www.galirows.com.br\/meublog\/opencv-python\/wp-json\/wp\/v2\/users\/1"}],"replies":[{"embeddable":true,"href":"http:\/\/www.galirows.com.br\/meublog\/opencv-python\/wp-json\/wp\/v2\/comments?post=609"}],"version-history":[{"count":4,"href":"http:\/\/www.galirows.com.br\/meublog\/opencv-python\/wp-json\/wp\/v2\/pages\/609\/revisions"}],"predecessor-version":[{"id":635,"href":"http:\/\/www.galirows.com.br\/meublog\/opencv-python\/wp-json\/wp\/v2\/pages\/609\/revisions\/635"}],"up":[{"embeddable":true,"href":"http:\/\/www.galirows.com.br\/meublog\/opencv-python\/wp-json\/wp\/v2\/pages\/709"}],"wp:featuredmedia":[{"embeddable":true,"href":"http:\/\/www.galirows.com.br\/meublog\/opencv-python\/wp-json\/wp\/v2\/media\/636"}],"wp:attachment":[{"href":"http:\/\/www.galirows.com.br\/meublog\/opencv-python\/wp-json\/wp\/v2\/media?parent=609"}],"curies":[{"name":"wp","href":"https:\/\/api.w.org\/{rel}","templated":true}]}}