{"id":711,"date":"2015-10-12T16:48:58","date_gmt":"2015-10-12T13:48:58","guid":{"rendered":"http:\/\/www.galirows.com.br\/meublog\/opencv-python\/?page_id=711"},"modified":"2015-10-12T16:49:27","modified_gmt":"2015-10-12T13:49:27","slug":"opencv3-python3","status":"publish","type":"page","link":"http:\/\/www.galirows.com.br\/meublog\/opencv-python\/opencv3-python3\/","title":{"rendered":"OpenCV 3.0 e Python 3"},"content":{"rendered":"<p>Tutoriais da vers\u00e3o 3 da OpenCV e tamb\u00e9m utilizando a vers\u00e3o 3 da linguagem Python.<\/p>\n","protected":false},"excerpt":{"rendered":"<p>Tutoriais da vers\u00e3o 3 da OpenCV e tamb\u00e9m utilizando a vers\u00e3o 3 da linguagem Python.<\/p>\n","protected":false},"author":1,"featured_media":0,"parent":0,"menu_order":0,"comment_status":"open","ping_status":"closed","template":"","meta":{"footnotes":""},"class_list":["post-711","page","type-page","status-publish","hentry"],"aioseo_notices":[],"_links":{"self":[{"href":"http:\/\/www.galirows.com.br\/meublog\/opencv-python\/wp-json\/wp\/v2\/pages\/711","targetHints":{"allow":["GET"]}}],"collection":[{"href":"http:\/\/www.galirows.com.br\/meublog\/opencv-python\/wp-json\/wp\/v2\/pages"}],"about":[{"href":"http:\/\/www.galirows.com.br\/meublog\/opencv-python\/wp-json\/wp\/v2\/types\/page"}],"author":[{"embeddable":true,"href":"http:\/\/www.galirows.com.br\/meublog\/opencv-python\/wp-json\/wp\/v2\/users\/1"}],"replies":[{"embeddable":true,"href":"http:\/\/www.galirows.com.br\/meublog\/opencv-python\/wp-json\/wp\/v2\/comments?post=711"}],"version-history":[{"count":1,"href":"http:\/\/www.galirows.com.br\/meublog\/opencv-python\/wp-json\/wp\/v2\/pages\/711\/revisions"}],"predecessor-version":[{"id":712,"href":"http:\/\/www.galirows.com.br\/meublog\/opencv-python\/wp-json\/wp\/v2\/pages\/711\/revisions\/712"}],"wp:attachment":[{"href":"http:\/\/www.galirows.com.br\/meublog\/opencv-python\/wp-json\/wp\/v2\/media?parent=711"}],"curies":[{"name":"wp","href":"https:\/\/api.w.org\/{rel}","templated":true}]}}