{"id":372,"date":"2014-03-08T18:55:11","date_gmt":"2014-03-08T18:55:11","guid":{"rendered":"http:\/\/www.galirows.com.br\/meublog\/programacao\/?page_id=372"},"modified":"2014-04-23T16:45:54","modified_gmt":"2014-04-23T19:45:54","slug":"material-complementar","status":"publish","type":"page","link":"http:\/\/www.galirows.com.br\/meublog\/programacao\/material-complementar\/","title":{"rendered":"Material complementar"},"content":{"rendered":"<p><strong>Livros para donwload<\/strong><\/p>\n<ul>\n<li><a href=\"http:\/\/ricardoduarte.github.io\/python-para-desenvolvedores\/\" target=\"_blank\">Python para desenvolvedores<\/a><\/li>\n<\/ul>\n<p><strong style=\"line-height: 1.5em;\">Links para sites e ferramentas relacionadas ao ensino de\u00a0programa\u00e7\u00e3o<\/strong><\/p>\n<ul>\n<li><a href=\"http:\/\/www.codecademy.com\" target=\"_blank\">Codecademy: aprenda a programar interativamente<\/a><\/li>\n<li><a href=\"http:\/\/www.codeskulptor.org\" target=\"_blank\">Editor online de Python<\/a><\/li>\n<\/ul>\n<p><strong>Materiais motivacionais associados com programa\u00e7\u00e3o<\/strong><\/p>\n<ul>\n<li><a href=\"https:\/\/www.youtube.com\/watch?v=FWNkrZ93DVM\" target=\"_blank\">V\u00eddeo motivacional com diversas pessoas famosas<\/a><\/li>\n<li><a title=\"Texto: algoritmos e engenharia\" href=\"http:\/\/www.galirows.com.br\/meublog\/programacao\/texto-algoritmos-e-engenharia\/\">Texto: algoritmos e engenharia<\/a><\/li>\n<li><a title=\"Texto: programa\u00e7\u00e3o e racioc\u00ednio l\u00f3gico\" href=\"http:\/\/www.galirows.com.br\/meublog\/programacao\/texto-programacao-e-raciocinio-logico\/\">Texto: programa\u00e7\u00e3o e racioc\u00ednio l\u00f3gico<\/a><\/li>\n<\/ul>\n","protected":false},"excerpt":{"rendered":"<p>Livros para donwload Python para desenvolvedores Links para sites e ferramentas relacionadas ao ensino de\u00a0programa\u00e7\u00e3o Codecademy: aprenda a programar interativamente Editor online de Python Materiais motivacionais associados com programa\u00e7\u00e3o V\u00eddeo motivacional com diversas pessoas famosas Texto: algoritmos e engenharia Texto: programa\u00e7\u00e3o e racioc\u00ednio l\u00f3gico<\/p>\n","protected":false},"author":1,"featured_media":0,"parent":0,"menu_order":0,"comment_status":"closed","ping_status":"closed","template":"","meta":{"_monsterinsights_skip_tracking":false,"_monsterinsights_sitenote_active":false,"_monsterinsights_sitenote_note":"","_monsterinsights_sitenote_category":0,"footnotes":""},"class_list":["post-372","page","type-page","status-publish","hentry"],"aioseo_notices":[],"amp_enabled":true,"_links":{"self":[{"href":"http:\/\/www.galirows.com.br\/meublog\/programacao\/wp-json\/wp\/v2\/pages\/372","targetHints":{"allow":["GET"]}}],"collection":[{"href":"http:\/\/www.galirows.com.br\/meublog\/programacao\/wp-json\/wp\/v2\/pages"}],"about":[{"href":"http:\/\/www.galirows.com.br\/meublog\/programacao\/wp-json\/wp\/v2\/types\/page"}],"author":[{"embeddable":true,"href":"http:\/\/www.galirows.com.br\/meublog\/programacao\/wp-json\/wp\/v2\/users\/1"}],"replies":[{"embeddable":true,"href":"http:\/\/www.galirows.com.br\/meublog\/programacao\/wp-json\/wp\/v2\/comments?post=372"}],"version-history":[{"count":5,"href":"http:\/\/www.galirows.com.br\/meublog\/programacao\/wp-json\/wp\/v2\/pages\/372\/revisions"}],"predecessor-version":[{"id":402,"href":"http:\/\/www.galirows.com.br\/meublog\/programacao\/wp-json\/wp\/v2\/pages\/372\/revisions\/402"}],"wp:attachment":[{"href":"http:\/\/www.galirows.com.br\/meublog\/programacao\/wp-json\/wp\/v2\/media?parent=372"}],"curies":[{"name":"wp","href":"https:\/\/api.w.org\/{rel}","templated":true}]}}