{"id":754,"date":"2018-10-24T12:18:52","date_gmt":"2018-10-24T14:18:52","guid":{"rendered":"http:\/\/www.galirows.com.br\/meublog\/programacao\/?page_id=754"},"modified":"2022-06-24T17:27:06","modified_gmt":"2022-06-24T20:27:06","slug":"solicite-algoritmo","status":"publish","type":"page","link":"http:\/\/www.galirows.com.br\/meublog\/programacao\/solicite-algoritmo\/","title":{"rendered":"Solicite um algoritmo"},"content":{"rendered":"\n<p class=\"has-text-align-center\"><\/p>\n\n\n\n<p>Diversas vezes empacamos ao tentar resolver um algoritmo e n\u00e3o entendemos porque o problema est\u00e1 ocorrendo. Eu tentarei auxiliar tirando as d\u00favidas que forem requisitadas se os algoritmos que me forem enviados forem nas <strong><mark style=\"background-color:rgba(0, 0, 0, 0)\" class=\"has-inline-color has-vivid-cyan-blue-color\">linguagens C\/C++ ou Python<\/mark><\/strong>.<\/p>\n\n\n\n<p><strong>Veja as regras para solicita\u00e7\u00e3o do algoritmo:<\/strong><\/p>\n\n\n\n<ul class=\"wp-block-list\"><li><mark style=\"background-color:rgba(0, 0, 0, 0)\" class=\"has-inline-color has-vivid-cyan-blue-color\">Envie o enunciado e o c\u00f3digo com sua solu\u00e7\u00e3o atual<\/mark> para benjamin.grando@gmail.com utilizando como assunto &#8220;Solicita\u00e7\u00e3o de algoritmo&#8221;.<\/li><li><strong>N\u00e3o adianta enviar apenas o enunciado sem sua tentativa de solu\u00e7\u00e3o<\/strong>.\u00a0Indique tamb\u00e9m na mensagem quais s\u00e3o as suas d\u00favidas com rela\u00e7\u00e3o ao c\u00f3digo, ou problemas que est\u00e1 encontrando com rela\u00e7\u00e3o ao c\u00f3digo.<\/li><li><strong>Caso as instru\u00e7\u00f5es acima n\u00e3o sejam atendidas, me darei o direito de nem responder ao e-mail de solicita\u00e7\u00e3o.<\/strong><\/li><li>Seu e-mail e corre\u00e7\u00f5es no <mark style=\"background-color:rgba(0, 0, 0, 0)\" class=\"has-inline-color has-vivid-cyan-blue-color\">algoritmo s\u00e3o publicados no blog e voc\u00ea ser\u00e1 avisado da publica\u00e7\u00e3o<\/mark> para conferir a solu\u00e7\u00e3o. Se for gravada uma explica\u00e7\u00e3o em v\u00eddeo, sua solicita\u00e7\u00e3o tamb\u00e9m ser\u00e1 publicada no Youtube.<\/li><\/ul>\n\n\n\n<p>Veja as solicita\u00e7\u00f5es j\u00e1 atendidas em <a href=\"http:\/\/www.galirows.com.br\/meublog\/programacao\/tag\/solicitacao-de-algoritmo\/\">http:\/\/www.galirows.com.br\/meublog\/programacao\/tag\/solicitacao-de-algoritmo\/<\/a><\/p>\n","protected":false},"excerpt":{"rendered":"<p>Diversas vezes empacamos ao tentar resolver um algoritmo e n\u00e3o entendemos porque o problema est\u00e1 ocorrendo. Eu tentarei auxiliar tirando as d\u00favidas que forem requisitadas se os algoritmos que me forem enviados forem nas linguagens C\/C++ ou Python. Veja as regras para solicita\u00e7\u00e3o do algoritmo: Envie o enunciado e o c\u00f3digo com sua solu\u00e7\u00e3o atual [&hellip;]<\/p>\n","protected":false},"author":1,"featured_media":0,"parent":0,"menu_order":0,"comment_status":"closed","ping_status":"closed","template":"","meta":{"_monsterinsights_skip_tracking":false,"_monsterinsights_sitenote_active":false,"_monsterinsights_sitenote_note":"","_monsterinsights_sitenote_category":0,"footnotes":""},"class_list":["post-754","page","type-page","status-publish","hentry"],"aioseo_notices":[],"amp_enabled":true,"_links":{"self":[{"href":"http:\/\/www.galirows.com.br\/meublog\/programacao\/wp-json\/wp\/v2\/pages\/754","targetHints":{"allow":["GET"]}}],"collection":[{"href":"http:\/\/www.galirows.com.br\/meublog\/programacao\/wp-json\/wp\/v2\/pages"}],"about":[{"href":"http:\/\/www.galirows.com.br\/meublog\/programacao\/wp-json\/wp\/v2\/types\/page"}],"author":[{"embeddable":true,"href":"http:\/\/www.galirows.com.br\/meublog\/programacao\/wp-json\/wp\/v2\/users\/1"}],"replies":[{"embeddable":true,"href":"http:\/\/www.galirows.com.br\/meublog\/programacao\/wp-json\/wp\/v2\/comments?post=754"}],"version-history":[{"count":7,"href":"http:\/\/www.galirows.com.br\/meublog\/programacao\/wp-json\/wp\/v2\/pages\/754\/revisions"}],"predecessor-version":[{"id":1350,"href":"http:\/\/www.galirows.com.br\/meublog\/programacao\/wp-json\/wp\/v2\/pages\/754\/revisions\/1350"}],"wp:attachment":[{"href":"http:\/\/www.galirows.com.br\/meublog\/programacao\/wp-json\/wp\/v2\/media?parent=754"}],"curies":[{"name":"wp","href":"https:\/\/api.w.org\/{rel}","templated":true}]}}