{"id":858,"date":"2020-07-08T08:55:46","date_gmt":"2020-07-08T11:55:46","guid":{"rendered":"http:\/\/www.galirows.com.br\/meublog\/programacao\/?page_id=858"},"modified":"2021-08-11T10:51:39","modified_gmt":"2021-08-11T13:51:39","slug":"introducaoc-vetores","status":"publish","type":"page","link":"http:\/\/www.galirows.com.br\/meublog\/programacao\/introducao-linguagem-c\/introducaoc-vetores\/","title":{"rendered":"Introdu\u00e7\u00e3o aos vetores"},"content":{"rendered":"\n<p>Caso voc\u00ea precise de muitas vari\u00e1veis similares, ou voc\u00ea n\u00e3o saiba de quantas vari\u00e1veis ir\u00e1 precisar no seu c\u00f3digo, uma alternativa \u00e9 utilizar vari\u00e1veis do tipo vetor. Voc\u00ea ser\u00e1 apresentado aqui aos vetores unidimensionais.<\/p>\n\n\n\n<h3 class=\"wp-block-heading\">Vers\u00e3o de v\u00eddeo interativo H5P<\/h3>\n\n\n\n<p><code><div class=\"h5p-iframe-wrapper\"><iframe id=\"h5p-iframe-1\" class=\"h5p-iframe\" data-content-id=\"1\" style=\"height:1px\" src=\"about:blank\" frameBorder=\"0\" scrolling=\"no\" title=\"Introdu\u00e7\u00e3o aos vetores\"><\/iframe><\/div><\/code><\/p>\n\n\n\n<h3 class=\"wp-block-heading\">Vers\u00e3o do Youtube<\/h3>\n\n\n\n<figure class=\"wp-block-embed-youtube wp-block-embed is-type-video is-provider-youtube wp-embed-aspect-4-3 wp-has-aspect-ratio\"><div class=\"wp-block-embed__wrapper\">\n<iframe loading=\"lazy\" title=\"Introdu\u00e7\u00e3o aos vetores em linguagem C\" width=\"685\" height=\"514\" src=\"https:\/\/www.youtube.com\/embed\/MGL5OLkV2j8?feature=oembed\" frameborder=\"0\" allow=\"accelerometer; autoplay; clipboard-write; encrypted-media; gyroscope; picture-in-picture\" allowfullscreen><\/iframe>\n<\/div><figcaption>(01:26) Problematiza\u00e7\u00e3o: mostra uma import\u00e2ncia do uso do vetor <br>(05:45) Introdu\u00e7\u00e3o aos vetores unidimensionais <br>(10:37) Declara\u00e7\u00e3o de vetor em C <br>(13:27) Exerc\u00edcio 1: somar dois vetores <br>(35:20) Exerc\u00edcio 1: solu\u00e7\u00e3o alternativa <br>(42:30) Declara\u00e7\u00e3o de um constante <br>(47:26) Exerc\u00edcio 2: aloca\u00e7\u00e3o de pares e \u00edmpares <br>(52:00) Onde falo sobre lixo de mem\u00f3ria no vetor <br>(57:37) Exerc\u00edcio 2: solu\u00e7\u00e3o alternativa <br>(59:37) Charge explicada.<\/figcaption><\/figure>\n\n\n\n<p>Para avaliar seu entendimento inicial sobre o t\u00f3pico, <a href=\"http:\/\/www.galirows.com.br\/meublog\/programacao\/introducao-linguagem-c\/introducaoc-estruturas-repeticao\/exercicios-entender-estruturas-repeticao\/\">teste seu entendimento sobre vetores<\/a> avaliando os c\u00f3digos sugeridos.<\/p>\n\n\n\n<p><strong>Materiais adicionais:<\/strong><\/p>\n\n\n\n<ul class=\"wp-block-list\"><li><a href=\"http:\/\/www.galirows.com.br\/meublog\/programacao\/depuracao-codigo-codeblocks\/\" target=\"_blank\" rel=\"noreferrer noopener\">Depura\u00e7\u00e3o de c\u00f3digo com o CodeBlocks<\/a><\/li><li><a href=\"https:\/\/www.youtube.com\/watch?v=Wnb02kzc0Cw\" target=\"_blank\" rel=\"noreferrer noopener\">Uma explica\u00e7\u00e3o melhor sobre o que \u00e9 debug<\/a><\/li><li><a href=\"http:\/\/www.galirows.com.br\/meublog\/programacao\/teste-mesa-comentado1\/\" target=\"_blank\" rel=\"noreferrer noopener\">Teste de mesa comentado<\/a><\/li><\/ul>\n\n\n\n<p><strong>Exerc\u00edcios resolvidos:<\/strong><\/p>\n\n\n\n<ul class=\"wp-block-list\"><li><a href=\"http:\/\/www.galirows.com.br\/meublog\/programacao\/outro-exercicio-fibonacci\/\" target=\"_blank\" rel=\"noreferrer noopener\">Outro exerc\u00edcio envolvendo Fibonacci<\/a><\/li><li><a href=\"http:\/\/www.galirows.com.br\/meublog\/programacao\/exercicios-basicos-vetores\/\" target=\"_blank\" rel=\"noreferrer noopener\">Resolu\u00e7\u00e3o de exerc\u00edcios b\u00e1sicos com vetores<\/a><\/li><li><a href=\"http:\/\/www.galirows.com.br\/meublog\/programacao\/mostrar-vetor-com-condicoes\/\" target=\"_blank\" rel=\"noreferrer noopener\">Mostrar vetor com condi\u00e7\u00f5es<\/a><\/li><li><a href=\"http:\/\/www.galirows.com.br\/meublog\/programacao\/mais-que-simplesmente-fibonacci\/\" target=\"_blank\" rel=\"noreferrer noopener\">Ordena\u00e7\u00e3o de vetor sem m\u00e9todos j\u00e1 consolidados<\/a><\/li><\/ul>\n","protected":false},"excerpt":{"rendered":"<p>Caso voc\u00ea precise de muitas vari\u00e1veis similares, ou voc\u00ea n\u00e3o saiba de quantas vari\u00e1veis ir\u00e1 precisar no seu c\u00f3digo, uma alternativa \u00e9 utilizar vari\u00e1veis do tipo vetor. Voc\u00ea ser\u00e1 apresentado aqui aos vetores unidimensionais. Vers\u00e3o de v\u00eddeo interativo H5P Vers\u00e3o do Youtube (01:26) Problematiza\u00e7\u00e3o: mostra uma import\u00e2ncia do uso do vetor (05:45) Introdu\u00e7\u00e3o aos vetores [&hellip;]<\/p>\n","protected":false},"author":1,"featured_media":0,"parent":830,"menu_order":50,"comment_status":"open","ping_status":"closed","template":"","meta":{"_monsterinsights_skip_tracking":false,"_monsterinsights_sitenote_active":false,"_monsterinsights_sitenote_note":"","_monsterinsights_sitenote_category":0,"footnotes":""},"class_list":["post-858","page","type-page","status-publish","hentry"],"aioseo_notices":[],"amp_enabled":true,"_links":{"self":[{"href":"http:\/\/www.galirows.com.br\/meublog\/programacao\/wp-json\/wp\/v2\/pages\/858","targetHints":{"allow":["GET"]}}],"collection":[{"href":"http:\/\/www.galirows.com.br\/meublog\/programacao\/wp-json\/wp\/v2\/pages"}],"about":[{"href":"http:\/\/www.galirows.com.br\/meublog\/programacao\/wp-json\/wp\/v2\/types\/page"}],"author":[{"embeddable":true,"href":"http:\/\/www.galirows.com.br\/meublog\/programacao\/wp-json\/wp\/v2\/users\/1"}],"replies":[{"embeddable":true,"href":"http:\/\/www.galirows.com.br\/meublog\/programacao\/wp-json\/wp\/v2\/comments?post=858"}],"version-history":[{"count":5,"href":"http:\/\/www.galirows.com.br\/meublog\/programacao\/wp-json\/wp\/v2\/pages\/858\/revisions"}],"predecessor-version":[{"id":1126,"href":"http:\/\/www.galirows.com.br\/meublog\/programacao\/wp-json\/wp\/v2\/pages\/858\/revisions\/1126"}],"up":[{"embeddable":true,"href":"http:\/\/www.galirows.com.br\/meublog\/programacao\/wp-json\/wp\/v2\/pages\/830"}],"wp:attachment":[{"href":"http:\/\/www.galirows.com.br\/meublog\/programacao\/wp-json\/wp\/v2\/media?parent=858"}],"curies":[{"name":"wp","href":"https:\/\/api.w.org\/{rel}","templated":true}]}}