{"id":942,"date":"2020-09-04T16:19:07","date_gmt":"2020-09-04T19:19:07","guid":{"rendered":"http:\/\/www.galirows.com.br\/meublog\/programacao\/?page_id=942"},"modified":"2020-09-04T16:20:42","modified_gmt":"2020-09-04T19:20:42","slug":"exercicios-entender-os-vetores","status":"publish","type":"page","link":"http:\/\/www.galirows.com.br\/meublog\/programacao\/introducao-linguagem-c\/introducaoc-vetores\/exercicios-entender-os-vetores\/","title":{"rendered":"Exerc\u00edcios para entender os vetores"},"content":{"rendered":"\n<p>Entender o que determinado c\u00f3digo realiza \u00e9 um primeiro passo no aprendizado de algor\u00edtmicos. A proposta aqui \u00e9 avaliar os c\u00f3digo a seguir e acertar a resposta do algoritmo para determinadas entradas. <\/p>\n\n\n\n<p>Se esforce para entender como obter a resposta e n\u00e3o execute o c\u00f3digo para ver o que ele retorna (eu at\u00e9 estou colocando o c\u00f3digo como uma imagem para diminuir a &#8220;vontade&#8221; de fazer isso). Logicamente, algumas partes do c\u00f3digo voc\u00ea pode n\u00e3o entender o que faz, ent\u00e3o n\u00e3o tem problema pegar uma ou outra express\u00e3o para testar e ver como ela funciona. <\/p>\n\n\n\n<hr>\n\n\n\n<p><strong>Primeiro c\u00f3digo<\/strong><\/p>\n\n\n\n<div class=\"wp-block-image\"><figure class=\"aligncenter size-large\"><img loading=\"lazy\" decoding=\"async\" width=\"475\" height=\"567\" src=\"http:\/\/www.galirows.com.br\/meublog\/programacao\/wp-content\/uploads\/sites\/2\/2020\/08\/vetor2.png\" alt=\"\" class=\"wp-image-909\" srcset=\"http:\/\/www.galirows.com.br\/meublog\/programacao\/wp-content\/uploads\/sites\/2\/2020\/08\/vetor2.png 475w, http:\/\/www.galirows.com.br\/meublog\/programacao\/wp-content\/uploads\/sites\/2\/2020\/08\/vetor2-251x300.png 251w\" sizes=\"auto, (max-width: 475px) 100vw, 475px\" \/><\/figure><\/div>\n\n\n\n<p>Resultados esperados<\/p>\n\n\n\n<figure class=\"wp-block-table\"><table><tbody><tr><td>Qual ser\u00e1 o resultado do algoritmo se na instru\u00e7\u00e3o de entrada for fornecido o valor 4?<\/td><td><input type='hidden' bg_collapse_expand='69df4f6fb20792041916194' value='69df4f6fb20792041916194'><input type='hidden' id='bg-show-more-text-69df4f6fb20792041916194' value='Mostrar resposta'><input type='hidden' id='bg-show-less-text-69df4f6fb20792041916194' value='Ocultar resposta'><button id='bg-showmore-action-69df4f6fb20792041916194' class='bg-showmore-plg-button bg-blue-button bg-eye '   style=\" color:#FFFFFF;\">Mostrar resposta<\/button><div id='bg-showmore-hidden-69df4f6fb20792041916194' >1, 1, 3.0<\/div><\/td><\/tr><tr><td>Qual ser\u00e1 o resultado do algoritmo se na instru\u00e7\u00e3o de entrada for fornecido o valor 5?<\/td><td><input type='hidden' bg_collapse_expand='69df4f6fb212d8091357197' value='69df4f6fb212d8091357197'><input type='hidden' id='bg-show-more-text-69df4f6fb212d8091357197' value='Mostrar resposta'><input type='hidden' id='bg-show-less-text-69df4f6fb212d8091357197' value='Ocultar resposta'><button id='bg-showmore-action-69df4f6fb212d8091357197' class='bg-showmore-plg-button bg-blue-button bg-eye '   style=\" color:#FFFFFF;\">Mostrar resposta<\/button><div id='bg-showmore-hidden-69df4f6fb212d8091357197' >0, 1, 1.5<\/div><\/td><\/tr><tr><td>Qual ser\u00e1 o resultado do algoritmo se na instru\u00e7\u00e3o de entrada for fornecido o valor 6?<\/td><td><input type='hidden' bg_collapse_expand='69df4f6fb219f3090728084' value='69df4f6fb219f3090728084'><input type='hidden' id='bg-show-more-text-69df4f6fb219f3090728084' value='Mostrar resposta'><input type='hidden' id='bg-show-less-text-69df4f6fb219f3090728084' value='Ocultar resposta'><button id='bg-showmore-action-69df4f6fb219f3090728084' class='bg-showmore-plg-button bg-blue-button bg-eye '   style=\" color:#FFFFFF;\">Mostrar resposta<\/button><div id='bg-showmore-hidden-69df4f6fb219f3090728084' >0, 0, 1.0<\/div><\/td><\/tr><\/tbody><\/table><\/figure>\n\n\n\n<hr>\n\n\n\n<p><strong>Segundo c\u00f3digo<\/strong><\/p>\n\n\n\n<div class=\"wp-block-image\"><figure class=\"aligncenter size-large\"><img loading=\"lazy\" decoding=\"async\" width=\"373\" height=\"491\" src=\"http:\/\/www.galirows.com.br\/meublog\/programacao\/wp-content\/uploads\/sites\/2\/2020\/08\/matriz2.png\" alt=\"\" class=\"wp-image-904\" srcset=\"http:\/\/www.galirows.com.br\/meublog\/programacao\/wp-content\/uploads\/sites\/2\/2020\/08\/matriz2.png 373w, http:\/\/www.galirows.com.br\/meublog\/programacao\/wp-content\/uploads\/sites\/2\/2020\/08\/matriz2-228x300.png 228w\" sizes=\"auto, (max-width: 373px) 100vw, 373px\" \/><\/figure><\/div>\n\n\n\n<p>Resultados esperados<\/p>\n\n\n\n<figure class=\"wp-block-table\"><table><tbody><tr><td>Qual ser\u00e1 o resultado do algoritmo se na instru\u00e7\u00e3o de entrada for fornecido o valor 0 (zero)?<\/td><td><input type='hidden' bg_collapse_expand='69df4f6fb22071083949831' value='69df4f6fb22071083949831'><input type='hidden' id='bg-show-more-text-69df4f6fb22071083949831' value='Mostrar resposta'><input type='hidden' id='bg-show-less-text-69df4f6fb22071083949831' value='Ocultar resposta'><button id='bg-showmore-action-69df4f6fb22071083949831' class='bg-showmore-plg-button bg-blue-button bg-eye '   style=\" color:#FFFFFF;\">Mostrar resposta<\/button><div id='bg-showmore-hidden-69df4f6fb22071083949831' >20<\/div><\/td><\/tr><tr><td>Qual ser\u00e1 o resultado do algoritmo se na instru\u00e7\u00e3o de entrada for fornecido o valor 2?<\/td><td><input type='hidden' bg_collapse_expand='69df4f6fb226b4079133342' value='69df4f6fb226b4079133342'><input type='hidden' id='bg-show-more-text-69df4f6fb226b4079133342' value='Mostrar resposta'><input type='hidden' id='bg-show-less-text-69df4f6fb226b4079133342' value='Ocultar resposta'><button id='bg-showmore-action-69df4f6fb226b4079133342' class='bg-showmore-plg-button bg-blue-button bg-eye '   style=\" color:#FFFFFF;\">Mostrar resposta<\/button><div id='bg-showmore-hidden-69df4f6fb226b4079133342' >32<\/div><\/td><\/tr><tr><td>Qual ser\u00e1 o resultado do algoritmo se na instru\u00e7\u00e3o de entrada for fornecido o valor 5?<\/td><td><input type='hidden' bg_collapse_expand='69df4f6fb22cf2059786682' value='69df4f6fb22cf2059786682'><input type='hidden' id='bg-show-more-text-69df4f6fb22cf2059786682' value='Mostrar resposta'><input type='hidden' id='bg-show-less-text-69df4f6fb22cf2059786682' value='Ocultar resposta'><button id='bg-showmore-action-69df4f6fb22cf2059786682' class='bg-showmore-plg-button bg-blue-button bg-eye '   style=\" color:#FFFFFF;\">Mostrar resposta<\/button><div id='bg-showmore-hidden-69df4f6fb22cf2059786682' >50<\/div><\/td><\/tr><tr><td>Qual ser\u00e1 o resultado do algoritmo se na instru\u00e7\u00e3o de entrada for fornecido o valor -1 (um negativo)?<\/td><td><input type='hidden' bg_collapse_expand='69df4f6fb23320007220368' value='69df4f6fb23320007220368'><input type='hidden' id='bg-show-more-text-69df4f6fb23320007220368' value='Mostrar resposta'><input type='hidden' id='bg-show-less-text-69df4f6fb23320007220368' value='Ocultar resposta'><button id='bg-showmore-action-69df4f6fb23320007220368' class='bg-showmore-plg-button bg-blue-button bg-eye '   style=\" color:#FFFFFF;\">Mostrar resposta<\/button><div id='bg-showmore-hidden-69df4f6fb23320007220368' >14<\/div><\/td><\/tr><\/tbody><\/table><\/figure>\n\n\n\n<hr>\n\n\n\n<p><strong>Terceiro c\u00f3digo<\/strong><\/p>\n\n\n\n<div class=\"wp-block-image\"><figure class=\"aligncenter size-large\"><img loading=\"lazy\" decoding=\"async\" width=\"499\" height=\"437\" src=\"http:\/\/www.galirows.com.br\/meublog\/programacao\/wp-content\/uploads\/sites\/2\/2020\/08\/vetor1.png\" alt=\"\" class=\"wp-image-908\" srcset=\"http:\/\/www.galirows.com.br\/meublog\/programacao\/wp-content\/uploads\/sites\/2\/2020\/08\/vetor1.png 499w, http:\/\/www.galirows.com.br\/meublog\/programacao\/wp-content\/uploads\/sites\/2\/2020\/08\/vetor1-300x263.png 300w\" sizes=\"auto, (max-width: 499px) 100vw, 499px\" \/><\/figure><\/div>\n\n\n\n<p>Resultado esperado<\/p>\n\n\n\n<figure class=\"wp-block-table\"><table><tbody><tr><td>Qual ser\u00e1 o resultado da execu\u00e7\u00e3o do algoritmo?<\/td><td><input type='hidden' bg_collapse_expand='69df4f6fb23961008502228' value='69df4f6fb23961008502228'><input type='hidden' id='bg-show-more-text-69df4f6fb23961008502228' value='Mostrar resposta'><input type='hidden' id='bg-show-less-text-69df4f6fb23961008502228' value='Ocultar resposta'><button id='bg-showmore-action-69df4f6fb23961008502228' class='bg-showmore-plg-button bg-blue-button bg-eye '   style=\" color:#FFFFFF;\">Mostrar resposta<\/button><div id='bg-showmore-hidden-69df4f6fb23961008502228' >16<\/div><\/td><\/tr><\/tbody><\/table><\/figure>\n\n\n\n<p><\/p>\n","protected":false},"excerpt":{"rendered":"<p>Entender o que determinado c\u00f3digo realiza \u00e9 um primeiro passo no aprendizado de algor\u00edtmicos. A proposta aqui \u00e9 avaliar os c\u00f3digo a seguir e acertar a resposta do algoritmo para determinadas entradas. Se esforce para entender como obter a resposta e n\u00e3o execute o c\u00f3digo para ver o que ele retorna (eu at\u00e9 estou colocando [&hellip;]<\/p>\n","protected":false},"author":1,"featured_media":0,"parent":858,"menu_order":0,"comment_status":"closed","ping_status":"closed","template":"","meta":{"_monsterinsights_skip_tracking":false,"_monsterinsights_sitenote_active":false,"_monsterinsights_sitenote_note":"","_monsterinsights_sitenote_category":0,"footnotes":""},"class_list":["post-942","page","type-page","status-publish","hentry"],"aioseo_notices":[],"amp_enabled":true,"_links":{"self":[{"href":"http:\/\/www.galirows.com.br\/meublog\/programacao\/wp-json\/wp\/v2\/pages\/942","targetHints":{"allow":["GET"]}}],"collection":[{"href":"http:\/\/www.galirows.com.br\/meublog\/programacao\/wp-json\/wp\/v2\/pages"}],"about":[{"href":"http:\/\/www.galirows.com.br\/meublog\/programacao\/wp-json\/wp\/v2\/types\/page"}],"author":[{"embeddable":true,"href":"http:\/\/www.galirows.com.br\/meublog\/programacao\/wp-json\/wp\/v2\/users\/1"}],"replies":[{"embeddable":true,"href":"http:\/\/www.galirows.com.br\/meublog\/programacao\/wp-json\/wp\/v2\/comments?post=942"}],"version-history":[{"count":2,"href":"http:\/\/www.galirows.com.br\/meublog\/programacao\/wp-json\/wp\/v2\/pages\/942\/revisions"}],"predecessor-version":[{"id":944,"href":"http:\/\/www.galirows.com.br\/meublog\/programacao\/wp-json\/wp\/v2\/pages\/942\/revisions\/944"}],"up":[{"embeddable":true,"href":"http:\/\/www.galirows.com.br\/meublog\/programacao\/wp-json\/wp\/v2\/pages\/858"}],"wp:attachment":[{"href":"http:\/\/www.galirows.com.br\/meublog\/programacao\/wp-json\/wp\/v2\/media?parent=942"}],"curies":[{"name":"wp","href":"https:\/\/api.w.org\/{rel}","templated":true}]}}