{"id":956,"date":"2020-09-15T14:22:56","date_gmt":"2020-09-15T17:22:56","guid":{"rendered":"http:\/\/www.galirows.com.br\/meublog\/programacao\/?page_id=956"},"modified":"2020-10-07T06:45:02","modified_gmt":"2020-10-07T09:45:02","slug":"introducao-ponteiros","status":"publish","type":"page","link":"http:\/\/www.galirows.com.br\/meublog\/programacao\/introducao-linguagem-c\/introducao-ponteiros\/","title":{"rendered":"Introdu\u00e7\u00e3o aos ponteiros"},"content":{"rendered":"\n<figure class=\"wp-block-embed-youtube wp-block-embed is-type-video is-provider-youtube wp-embed-aspect-4-3 wp-has-aspect-ratio\"><div class=\"wp-block-embed__wrapper\">\n<iframe loading=\"lazy\" title=\"Ponteiros na linguagem C\" width=\"685\" height=\"514\" src=\"https:\/\/www.youtube.com\/embed\/wBo2LKP30_w?feature=oembed\" frameborder=\"0\" allow=\"accelerometer; autoplay; clipboard-write; encrypted-media; gyroscope; picture-in-picture\" allowfullscreen><\/iframe>\n<\/div><figcaption>(01:12) Sobre o endere\u00e7amento de mem\u00f3ria<br>\n(08:08) Declara\u00e7\u00e3o de um ponteiro<br>\n(09:59) Operadores &amp; e *<br>\n(11:14) C\u00f3digo de exemplo com refer\u00eancia gr\u00e1fica<br>\n(19:16) Teste de mesa com ponteiros<br>\n(27:35) Debug do c\u00f3digo de exemplo<\/figcaption><\/figure>\n\n\n\n<figure class=\"wp-block-embed-youtube wp-block-embed is-type-video is-provider-youtube wp-embed-aspect-4-3 wp-has-aspect-ratio\"><div class=\"wp-block-embed__wrapper\">\n<iframe loading=\"lazy\" title=\"Ponteiros para vetores na linguagem C\" width=\"685\" height=\"514\" src=\"https:\/\/www.youtube.com\/embed\/ObX77a3BdyM?feature=oembed\" frameborder=\"0\" allow=\"accelerometer; autoplay; clipboard-write; encrypted-media; gyroscope; picture-in-picture\" allowfullscreen><\/iframe>\n<\/div><figcaption>(01:20) Rela\u00e7\u00e3o dos ponteiros com os vetores<br>\n(04:48) Exemplo<br>\n(10:41) Teste de mesa <br>\n(17:13) Debug do c\u00f3digo<br>\n(19:30) Ponteiros em vetores bidimensionais (matrizes)<\/figcaption><\/figure>\n","protected":false},"excerpt":{"rendered":"<p>(01:12) Sobre o endere\u00e7amento de mem\u00f3ria (08:08) Declara\u00e7\u00e3o de um ponteiro (09:59) Operadores &amp; e * (11:14) C\u00f3digo de exemplo com refer\u00eancia gr\u00e1fica (19:16) Teste de mesa com ponteiros (27:35) Debug do c\u00f3digo de exemplo (01:20) Rela\u00e7\u00e3o dos ponteiros com os vetores (04:48) Exemplo (10:41) Teste de mesa (17:13) Debug do c\u00f3digo (19:30) Ponteiros em [&hellip;]<\/p>\n","protected":false},"author":1,"featured_media":0,"parent":830,"menu_order":70,"comment_status":"open","ping_status":"closed","template":"","meta":{"_monsterinsights_skip_tracking":false,"_monsterinsights_sitenote_active":false,"_monsterinsights_sitenote_note":"","_monsterinsights_sitenote_category":0,"footnotes":""},"class_list":["post-956","page","type-page","status-publish","hentry"],"aioseo_notices":[],"amp_enabled":true,"_links":{"self":[{"href":"http:\/\/www.galirows.com.br\/meublog\/programacao\/wp-json\/wp\/v2\/pages\/956","targetHints":{"allow":["GET"]}}],"collection":[{"href":"http:\/\/www.galirows.com.br\/meublog\/programacao\/wp-json\/wp\/v2\/pages"}],"about":[{"href":"http:\/\/www.galirows.com.br\/meublog\/programacao\/wp-json\/wp\/v2\/types\/page"}],"author":[{"embeddable":true,"href":"http:\/\/www.galirows.com.br\/meublog\/programacao\/wp-json\/wp\/v2\/users\/1"}],"replies":[{"embeddable":true,"href":"http:\/\/www.galirows.com.br\/meublog\/programacao\/wp-json\/wp\/v2\/comments?post=956"}],"version-history":[{"count":5,"href":"http:\/\/www.galirows.com.br\/meublog\/programacao\/wp-json\/wp\/v2\/pages\/956\/revisions"}],"predecessor-version":[{"id":971,"href":"http:\/\/www.galirows.com.br\/meublog\/programacao\/wp-json\/wp\/v2\/pages\/956\/revisions\/971"}],"up":[{"embeddable":true,"href":"http:\/\/www.galirows.com.br\/meublog\/programacao\/wp-json\/wp\/v2\/pages\/830"}],"wp:attachment":[{"href":"http:\/\/www.galirows.com.br\/meublog\/programacao\/wp-json\/wp\/v2\/media?parent=956"}],"curies":[{"name":"wp","href":"https:\/\/api.w.org\/{rel}","templated":true}]}}