{"id":969,"date":"2020-10-07T06:46:05","date_gmt":"2020-10-07T09:46:05","guid":{"rendered":"http:\/\/www.galirows.com.br\/meublog\/programacao\/?page_id=969"},"modified":"2020-10-09T12:13:06","modified_gmt":"2020-10-09T15:13:06","slug":"introducao-matrizes","status":"publish","type":"page","link":"http:\/\/www.galirows.com.br\/meublog\/programacao\/introducao-linguagem-c\/introducao-matrizes\/","title":{"rendered":"Introdu\u00e7\u00e3o as matrizes"},"content":{"rendered":"\n<p>Matrizes s\u00e3o vetores multidimensionais, mas aqui voc\u00ea ser\u00e1 apresentado aos vetores bidimensionais (chamados simplesmente de matrizes). Voc\u00ea estender\u00e1 o aprendizado visto sobre vetores unidimensionais e ver\u00e1 como manipular as duas dimens\u00e3o existentes na matriz.<\/p>\n\n\n\n<figure class=\"wp-block-embed-youtube wp-block-embed is-type-video is-provider-youtube wp-embed-aspect-4-3 wp-has-aspect-ratio\"><div class=\"wp-block-embed__wrapper\">\n<iframe loading=\"lazy\" title=\"Introdu\u00e7\u00e3o ao C - matrizes\" width=\"685\" height=\"514\" src=\"https:\/\/www.youtube.com\/embed\/ojNUVQ9EzoY?feature=oembed\" frameborder=\"0\" allow=\"accelerometer; autoplay; clipboard-write; encrypted-media; gyroscope; picture-in-picture\" allowfullscreen><\/iframe>\n<\/div><figcaption>(00:43) Introdu\u00e7\u00e3o as matrizes<br>\n(02:28) Declara\u00e7\u00e3o de uma matriz<br>\n(03:45) Percorrer uma matriz<br>\n(05:25) Teste de mesa de percorrer a matriz<br>\n(13:01) Exemplo de aplica\u00e7\u00e3o<br>\n(25:06) Dica de inser\u00e7\u00e3o de dados na matriz<br>\n(28:03) Charge<br> \n(28:53) Teste de mesa com a quest\u00e3o da charge<\/figcaption><\/figure>\n\n\n\n<p>Para avaliar seu entendimento inicial sobre o t\u00f3pico, <a href=\"http:\/\/www.galirows.com.br\/meublog\/programacao\/introducao-linguagem-c\/introducaoc-estruturas-repeticao\/exercicios-entender-estruturas-repeticao\/\">teste seu entendimento sobre matrizes<\/a> avaliando os c\u00f3digos sugeridos.<\/p>\n\n\n\n<p><strong>Exerc\u00edcios resolvidos:<\/strong><\/p>\n\n\n\n<ul class=\"wp-block-list\"><li><a href=\"http:\/\/www.galirows.com.br\/meublog\/programacao\/exercicios-resolvidos\/\" target=\"_blank\" rel=\"noreferrer noopener\">Exerc\u00edcio resolvido<\/a>: olhar apenas o segundo exerc\u00edcio<\/li><li><a href=\"http:\/\/www.galirows.com.br\/meublog\/programacao\/mapa-do-tesouro\/\" target=\"_blank\" rel=\"noreferrer noopener\">Mapa do tesouro<\/a><\/li><li><a href=\"http:\/\/www.galirows.com.br\/meublog\/programacao\/contornos-da-matriz\/\" target=\"_blank\" rel=\"noreferrer noopener\">Contornos da matriz<\/a><\/li><li><a href=\"http:\/\/www.galirows.com.br\/meublog\/programacao\/confirmacao-de-resultado-com-matriz-transposta-c\/\" target=\"_blank\" rel=\"noreferrer noopener\">Confirma\u00e7\u00e3o de resultado com matriz transposta<\/a>: olhar apenas a primeira parte<\/li><li><a href=\"http:\/\/www.galirows.com.br\/meublog\/programacao\/cidades-interligadas\/\" target=\"_blank\" rel=\"noreferrer noopener\">Cidades interligadas<\/a><\/li><\/ul>\n","protected":false},"excerpt":{"rendered":"<p>Matrizes s\u00e3o vetores multidimensionais, mas aqui voc\u00ea ser\u00e1 apresentado aos vetores bidimensionais (chamados simplesmente de matrizes). Voc\u00ea estender\u00e1 o aprendizado visto sobre vetores unidimensionais e ver\u00e1 como manipular as duas dimens\u00e3o existentes na matriz. (00:43) Introdu\u00e7\u00e3o as matrizes (02:28) Declara\u00e7\u00e3o de uma matriz (03:45) Percorrer uma matriz (05:25) Teste de mesa de percorrer a matriz [&hellip;]<\/p>\n","protected":false},"author":1,"featured_media":0,"parent":830,"menu_order":60,"comment_status":"closed","ping_status":"closed","template":"","meta":{"_monsterinsights_skip_tracking":false,"_monsterinsights_sitenote_active":false,"_monsterinsights_sitenote_note":"","_monsterinsights_sitenote_category":0,"footnotes":""},"class_list":["post-969","page","type-page","status-publish","hentry"],"aioseo_notices":[],"amp_enabled":true,"_links":{"self":[{"href":"http:\/\/www.galirows.com.br\/meublog\/programacao\/wp-json\/wp\/v2\/pages\/969","targetHints":{"allow":["GET"]}}],"collection":[{"href":"http:\/\/www.galirows.com.br\/meublog\/programacao\/wp-json\/wp\/v2\/pages"}],"about":[{"href":"http:\/\/www.galirows.com.br\/meublog\/programacao\/wp-json\/wp\/v2\/types\/page"}],"author":[{"embeddable":true,"href":"http:\/\/www.galirows.com.br\/meublog\/programacao\/wp-json\/wp\/v2\/users\/1"}],"replies":[{"embeddable":true,"href":"http:\/\/www.galirows.com.br\/meublog\/programacao\/wp-json\/wp\/v2\/comments?post=969"}],"version-history":[{"count":3,"href":"http:\/\/www.galirows.com.br\/meublog\/programacao\/wp-json\/wp\/v2\/pages\/969\/revisions"}],"predecessor-version":[{"id":978,"href":"http:\/\/www.galirows.com.br\/meublog\/programacao\/wp-json\/wp\/v2\/pages\/969\/revisions\/978"}],"up":[{"embeddable":true,"href":"http:\/\/www.galirows.com.br\/meublog\/programacao\/wp-json\/wp\/v2\/pages\/830"}],"wp:attachment":[{"href":"http:\/\/www.galirows.com.br\/meublog\/programacao\/wp-json\/wp\/v2\/media?parent=969"}],"curies":[{"name":"wp","href":"https:\/\/api.w.org\/{rel}","templated":true}]}}