{"id":983,"date":"2020-11-03T11:39:40","date_gmt":"2020-11-03T13:39:40","guid":{"rendered":"http:\/\/www.galirows.com.br\/meublog\/programacao\/?page_id=983"},"modified":"2020-11-05T10:56:02","modified_gmt":"2020-11-05T12:56:02","slug":"introducao-funcoes","status":"publish","type":"page","link":"http:\/\/www.galirows.com.br\/meublog\/programacao\/introducao-linguagem-c\/introducao-funcoes\/","title":{"rendered":"Introdu\u00e7\u00e3o as fun\u00e7\u00f5es (subrotinas)"},"content":{"rendered":"\n<p>Fun\u00e7\u00f5es permitem modularizar o c\u00f3digo, dividindo um problema complexo em partes mais simples. Focar em pequenos problemas permite solucionar o problema maior de maneira mais f\u00e1cil, al\u00e9m de permitir reaproveitar a solu\u00e7\u00e3o dos pequenos problemas, uma vez que elas resolver\u00e3o coisas bastante espec\u00edficas.<\/p>\n\n\n\n<figure class=\"wp-block-embed-youtube wp-block-embed is-type-video is-provider-youtube wp-embed-aspect-4-3 wp-has-aspect-ratio\"><div class=\"wp-block-embed__wrapper\">\n<iframe loading=\"lazy\" title=\"Introdu\u00e7\u00e3o ao C - fun\u00e7\u00f5es\" width=\"685\" height=\"514\" src=\"https:\/\/www.youtube.com\/embed\/mnvXOE_KfiI?feature=oembed\" frameborder=\"0\" allow=\"accelerometer; autoplay; clipboard-write; encrypted-media; gyroscope; picture-in-picture\" allowfullscreen><\/iframe>\n<\/div><figcaption>(01:05) Decomposi\u00e7\u00e3o de problemas<br><br>(03:12) Exemplo de decomposi\u00e7\u00e3o de problemas<br><br>(04:58) Sobre as subrotinas<br><br>(06:40) Fun\u00e7\u00f5es e procedimentos<br><br>(07:16) Escopo das vari\u00e1veis<br><br>(08:17) Par\u00e2metros (passagem por valor e por refer\u00eancia)<br><br>(10:13) Sintaxe de uma fun\u00e7\u00e3o<br><br>(12:40) Exemplo da sintaxe de uma fun\u00e7\u00e3o<br><br>(15:12) Exemplo de um procedimento<br><br>(16:29) Passagem por valor<br><br>(21:04) Passagem por refer\u00eancia<br><br>(25:12) Passagem de vetores<br><br>(27:29) Passagem de matrizes<br><br>(28:12) Exerc\u00edcio de fixa\u00e7\u00e3o.<\/figcaption><\/figure>\n\n\n\n<p>Para avaliar seu entendimento inicial sobre o t\u00f3pico, <a href=\"http:\/\/www.galirows.com.br\/meublog\/programacao\/introducao-linguagem-c\/introducao-funcoes\/exercicios-entender-funcoes\/\" target=\"_blank\" rel=\"noreferrer noopener\">teste seu entendimento sobre fun\u00e7\u00f5es<\/a> avaliando os c\u00f3digos sugeridos.<\/p>\n\n\n\n<p><strong>Materiais adicionais:<\/strong><\/p>\n\n\n\n<ul class=\"wp-block-list\"><li><a href=\"http:\/\/www.galirows.com.br\/meublog\/programacao\/questoes-com-teste-de-mesa\/\" target=\"_blank\" rel=\"noreferrer noopener\">Quest\u00f5es com teste de mesa<\/a><\/li><li><a href=\"https:\/\/www.youtube.com\/watch?v=ln6t3uyTveQ\" target=\"_blank\" rel=\"noreferrer noopener\">Clean code<\/a><\/li><li><a href=\"http:\/\/www.galirows.com.br\/meublog\/programacao\/teste-mesa-comentado1\/\" target=\"_blank\" rel=\"noreferrer noopener\">Testes de mesa comentados<\/a><\/li><\/ul>\n\n\n\n<p><strong>Exerc\u00edcios resolvidos:<\/strong><\/p>\n\n\n\n<ul class=\"wp-block-list\"><li><a href=\"http:\/\/www.galirows.com.br\/meublog\/programacao\/distancia-entre-dois-pontos\/\" target=\"_blank\" rel=\"noreferrer noopener\">Dist\u00e2ncia entre dois pontos<\/a><\/li><li><a href=\"http:\/\/www.galirows.com.br\/meublog\/programacao\/exercicios-simples-com-matrizes\/\" target=\"_blank\" rel=\"noreferrer noopener\">Exerc\u00edcios simples com matrizes<\/a><\/li><li><a href=\"http:\/\/www.galirows.com.br\/meublog\/programacao\/exercicios-resolvidos\/\" target=\"_blank\" rel=\"noreferrer noopener\">Exerc\u00edcios resolvido<\/a>: olhar os exerc\u00edcios 3 e 4<\/li><li><a href=\"http:\/\/www.galirows.com.br\/meublog\/programacao\/exercicios-com-funcao-em-c\/\" target=\"_blank\" rel=\"noreferrer noopener\">Exerc\u00edcios com fun\u00e7\u00e3o em C<\/a><\/li><li><a href=\"http:\/\/www.galirows.com.br\/meublog\/programacao\/confirmacao-de-resultado-com-matriz-transposta-c\/\" target=\"_blank\" rel=\"noreferrer noopener\">Confirma\u00e7\u00e3o de resultado com matriz transposta<\/a><\/li><li><a href=\"http:\/\/www.galirows.com.br\/meublog\/programacao\/exercicio-operacoes-vetor-utilizando-funcoes\/\" target=\"_blank\" rel=\"noreferrer noopener\">Exerc\u00edcio com opera\u00e7\u00f5es em vetor utilizando fun\u00e7\u00f5es<\/a><\/li><li><a href=\"http:\/\/www.galirows.com.br\/meublog\/programacao\/quadrado-magico\/\" target=\"_blank\" rel=\"noreferrer noopener\">Quadrado m\u00e1gico<\/a><\/li><\/ul>\n\n\n\n<p><\/p>\n","protected":false},"excerpt":{"rendered":"<p>Fun\u00e7\u00f5es permitem modularizar o c\u00f3digo, dividindo um problema complexo em partes mais simples. Focar em pequenos problemas permite solucionar o problema maior de maneira mais f\u00e1cil, al\u00e9m de permitir reaproveitar a solu\u00e7\u00e3o dos pequenos problemas, uma vez que elas resolver\u00e3o coisas bastante espec\u00edficas. Para avaliar seu entendimento inicial sobre o t\u00f3pico, teste seu entendimento sobre [&hellip;]<\/p>\n","protected":false},"author":1,"featured_media":0,"parent":830,"menu_order":78,"comment_status":"closed","ping_status":"closed","template":"","meta":{"_monsterinsights_skip_tracking":false,"_monsterinsights_sitenote_active":false,"_monsterinsights_sitenote_note":"","_monsterinsights_sitenote_category":0,"footnotes":""},"class_list":["post-983","page","type-page","status-publish","hentry"],"aioseo_notices":[],"amp_enabled":true,"_links":{"self":[{"href":"http:\/\/www.galirows.com.br\/meublog\/programacao\/wp-json\/wp\/v2\/pages\/983","targetHints":{"allow":["GET"]}}],"collection":[{"href":"http:\/\/www.galirows.com.br\/meublog\/programacao\/wp-json\/wp\/v2\/pages"}],"about":[{"href":"http:\/\/www.galirows.com.br\/meublog\/programacao\/wp-json\/wp\/v2\/types\/page"}],"author":[{"embeddable":true,"href":"http:\/\/www.galirows.com.br\/meublog\/programacao\/wp-json\/wp\/v2\/users\/1"}],"replies":[{"embeddable":true,"href":"http:\/\/www.galirows.com.br\/meublog\/programacao\/wp-json\/wp\/v2\/comments?post=983"}],"version-history":[{"count":3,"href":"http:\/\/www.galirows.com.br\/meublog\/programacao\/wp-json\/wp\/v2\/pages\/983\/revisions"}],"predecessor-version":[{"id":995,"href":"http:\/\/www.galirows.com.br\/meublog\/programacao\/wp-json\/wp\/v2\/pages\/983\/revisions\/995"}],"up":[{"embeddable":true,"href":"http:\/\/www.galirows.com.br\/meublog\/programacao\/wp-json\/wp\/v2\/pages\/830"}],"wp:attachment":[{"href":"http:\/\/www.galirows.com.br\/meublog\/programacao\/wp-json\/wp\/v2\/media?parent=983"}],"curies":[{"name":"wp","href":"https:\/\/api.w.org\/{rel}","templated":true}]}}